{"id":1575,"date":"2024-10-22T08:12:31","date_gmt":"2024-10-22T08:12:31","guid":{"rendered":"https:\/\/trexiptv.xyz\/?post_type=product&#038;p=1575"},"modified":"2025-07-18T17:39:21","modified_gmt":"2025-07-18T17:39:21","slug":"trex-iptv-reseller-buy-now","status":"publish","type":"product","link":"https:\/\/en.trexiptv.xyz\/fr\/produit\/trex-iptv-reseller-buy-now\/","title":{"rendered":"TREX IPTV Reseller &#8211; BUY NOW"},"content":{"rendered":"<p>trex iptv fonctionne sur diff\u00e9rents types d'appareils : bo\u00eetiers TV\/t\u00e9l\u00e9phone\/tablette Android, appareils iOS, Smart TV, bo\u00eetiers Mag Linux, PC\u2026<br \/>\n1 connexion max.<\/p>\n<p>L'abonnement IPTV est la nouvelle tendance internationale, car ses fonctionnalit\u00e9s exceptionnelles r\u00e9pondent aux besoins et \u00e0 la commodit\u00e9 de chacun. Notre service Trex IPTV propose d\u00e9sormais des formules d'abonnement Standard et Plus pour r\u00e9pondre aux besoins de nos clients. De plus, nous proposons un mois, trois mois, six mois ou douze mois pour votre meilleur achat. De plus, Trex IPTV propose un essai gratuit de 24 heures avant de souscrire un abonnement. Nous sommes convaincus que le code Trex IPTV est la meilleure solution IPTV.<\/p>\n<p>TREX IPTV is the best Full HD IPTV subscription | Top IPTV Server +60,000 Channels and VOD (Films &amp; Series).<\/p>\n<p>+36,000 international 4K \/ FullHD \/ HEVC \/ HD \/ SD channels.<\/p>\n<p>+150,000 films and series in several languages and countries.<\/p>\n<p><a href=\"https:\/\/trexiptv.xyz\" target=\"_blank\" rel=\"noopener\">TREX IPTV<\/a><br \/>\nTREX IPTV is currently the largest provider of French and international IPTV and VOD channels on the market. more than 10,000 HD\/SD\/3D\/4K channels for all your devices (IPTV on PC, IPTV tablet, IPTV smartphone, IPTV Smart TV, MAG IPTV, IPTV ENIGMA2, IPTV SPARK&#8230;)<\/p>\n<p>2 hour TRIAL<br \/>\nRequest a free 2 hour IPTV test to test our iptv server to achieve your own stability!<\/p>\n<p>SANS PAUSE<br \/>\nNotre infrastructure garantit une s\u00e9curit\u00e9 optimale des donn\u00e9es. Vous pouvez regarder vos cha\u00eenes sans interruption 24h\/24\u00a0!<\/p>\n<p>Serveur IPTV avanc\u00e9<br \/>\nLes connexions r\u00e9seau redondantes avec une bande passante de 10 Gbit\/s permettent une transmission de donn\u00e9es rapide\u00a0!<\/p>\n<p>Nos cha\u00eenes IPTV :<br \/>\nFrance, Belgique, Suisse, Espagne, Portugal, Italie, Allemagne, Pays-Bas, Royaume-Uni, Latino, Br\u00e9sil, Turquie, USA, Canada, Afrique, Inde, Pakistan, ARAB\u2026<\/p>\n<p>******************************************<br \/>\n\u00c9tiquettes\u00a0: IPTV FRANCE, IPTV FRANCE, IPTV BELGIQUE, IPTV Suisse, IPTV espagnole \u00ab\u00a0TV ISPANIA\u00a0\u00bb, IPTV italienne, IPTV allemande, IPTV arabe, IPTV Maroc, IPTV SKY ENGLAND, IPTV UK, IPTV CANAL HOLLANDA, IPTV PORTUGAL, IPTV TURQUE, IPTV USA, IPTV CANADA, IPTV Afrique, IPTV, abonnement IPTV, abonnement IPTV Maroc, acheter IPTV, acheter IPTV, IPTV gratuit 48, IPTV 48h, IPTV moins cher, IPTV Pro, IPTV Bein Sport, test IPTV 48h, test IPTV, test IPTV 48, test IPTV premium<\/p>\n<p>trexiptv.xyz \u2013 Abonnement IPTV moins cher.<br \/>\n*** Comprend tous les bouquets internationaux.<br \/>\n*** Comprend des milliers de films et s\u00e9ries en VOD.<\/p>\n<p>Appareils compatibles :<\/p>\n<p>\u2013 Smart TV (Samsung, LG, Sony, Philips, Sharp, Haier, Visio\u2026)<br \/>\n\u2013 Tout type d\u2019appareil Android (Android Box, Android TV, etc.) : code d\u2019activation trex iptv<br \/>\n&#8211; MAG (MAG200, MAG245, MAG245D, MAG250, MAG254, MAG255, MAG256, MAG257, MAG260, MAG270, MAG275, MAG322, MAG323, MAG324, MAG325, MAG349, MAG350, MAG351, MAG352, MAG420 WR &#8230; any other type of 32 GAM): trex iptv portal<br \/>\n&#8211; PC (VLC, Kodi&#8230;)<br \/>\n&#8211; IOS (MAC, Iphone, Ipad&#8230;)<br \/>\n\u2013 R\u00e9cepteurs Moresat (Samsat, Echolink, Starsat, Pinnacle\u2026)<br \/>\n\u2013 R\u00e9cepteurs avec Enigma 2 (Dreambox, Vu+\u2026)<br \/>\nAnd other equipme<\/p>\n<p><a href=\"https:\/\/wa.me\/message\/PICY4D4V3MCIH1\" target=\"_blank\" rel=\"noopener\">CONTACTEZ-NOUS SUR WHATSAPP\u00a0<\/a><\/p>","protected":false},"excerpt":{"rendered":"<div class=\"MuiStack-root css-1yrsmv\"><span class=\"MuiTypography-root MuiTypography-text14 css-1n9mc53\">D\u00e9couvrez le meilleur du divertissement en streaming avec TREX IPTV. Acc\u00e9dez \u00e0 un large choix de cha\u00eenes et profitez de contenus de haute qualit\u00e9 \u00e0 la demande. Essayez TREX IPTV d\u00e8s aujourd'hui\u00a0!<\/span><\/div>\n<p>ip tv trex est le meilleur abonnement IPTV Full HD | Top serveur IPTV +180 000 cha\u00eenes et VOD (Films et s\u00e9ries).<\/p>\n<p>+22000 international channels 4K \/ FullHD \/ HEVC \/ HD \/ SD.<\/p>\n<p>+150,000 films and series in several languages and countries.<\/p>\n<ul>\n<li>est un syst\u00e8me IPTV avec plus de stabilit\u00e9.<\/li>\n<li>a con\u00e7u le panneau 4K en fonction des besoins des revendeurs.<\/li>\n<li>a con\u00e7u la liste des cha\u00eenes en fonction des besoins des clients finaux.<\/li>\n<li>offre diff\u00e9rentes qualit\u00e9s telles que HD, 4K, 8K.<\/li>\n<li>fournit une assistance 24h\/24 et 7j\/7.<\/li>\n<\/ul>","protected":false},"featured_media":1355,"comment_status":"open","ping_status":"closed","template":"","meta":{"site-sidebar-layout":"default","site-content-layout":"","ast-site-content-layout":"default","site-content-style":"default","site-sidebar-style":"default","ast-global-header-display":"","ast-banner-title-visibility":"","ast-main-header-display":"","ast-hfb-above-header-display":"","ast-hfb-below-header-display":"","ast-hfb-mobile-header-display":"","site-post-title":"","ast-breadcrumbs-content":"","ast-featured-img":"","footer-sml-layout":"","ast-disable-related-posts":"","theme-transparent-header-meta":"default","adv-header-id-meta":"","stick-header-meta":"","header-above-stick-meta":"","header-main-stick-meta":"","header-below-stick-meta":"","astra-migrate-meta-layouts":"set","ast-page-background-enabled":"default","ast-page-background-meta":{"desktop":{"background-color":"","background-image":"","background-repeat":"repeat","background-position":"center center","background-size":"auto","background-attachment":"scroll","background-type":"","background-media":"","overlay-type":"","overlay-color":"","overlay-opacity":"","overlay-gradient":""},"tablet":{"background-color":"","background-image":"","background-repeat":"repeat","background-position":"center center","background-size":"auto","background-attachment":"scroll","background-type":"","background-media":"","overlay-type":"","overlay-color":"","overlay-opacity":"","overlay-gradient":""},"mobile":{"background-color":"","background-image":"","background-repeat":"repeat","background-position":"center center","background-size":"auto","background-attachment":"scroll","background-type":"","background-media":"","overlay-type":"","overlay-color":"","overlay-opacity":"","overlay-gradient":""}},"ast-content-background-meta":{"desktop":{"background-color":"var(--ast-global-color-5)","background-image":"","background-repeat":"repeat","background-position":"center center","background-size":"auto","background-attachment":"scroll","background-type":"","background-media":"","overlay-type":"","overlay-color":"","overlay-opacity":"","overlay-gradient":""},"tablet":{"background-color":"var(--ast-global-color-5)","background-image":"","background-repeat":"repeat","background-position":"center center","background-size":"auto","background-attachment":"scroll","background-type":"","background-media":"","overlay-type":"","overlay-color":"","overlay-opacity":"","overlay-gradient":""},"mobile":{"background-color":"var(--ast-global-color-5)","background-image":"","background-repeat":"repeat","background-position":"center center","background-size":"auto","background-attachment":"scroll","background-type":"","background-media":"","overlay-type":"","overlay-color":"","overlay-opacity":"","overlay-gradient":""}}},"product_brand":[],"product_cat":[24],"product_tag":[60],"class_list":{"0":"post-1575","1":"product","2":"type-product","3":"status-publish","4":"has-post-thumbnail","6":"product_cat-trex-iptv","7":"product_tag-trex-iptv-reseller","8":"desktop-align-left","9":"tablet-align-left","10":"mobile-align-left","12":"first","13":"instock","14":"taxable","15":"shipping-taxable","16":"purchasable","17":"product-type-variable"},"_links":{"self":[{"href":"https:\/\/en.trexiptv.xyz\/fr\/wp-json\/wp\/v2\/product\/1575","targetHints":{"allow":["GET"]}}],"collection":[{"href":"https:\/\/en.trexiptv.xyz\/fr\/wp-json\/wp\/v2\/product"}],"about":[{"href":"https:\/\/en.trexiptv.xyz\/fr\/wp-json\/wp\/v2\/types\/product"}],"replies":[{"embeddable":true,"href":"https:\/\/en.trexiptv.xyz\/fr\/wp-json\/wp\/v2\/comments?post=1575"}],"wp:featuredmedia":[{"embeddable":true,"href":"https:\/\/en.trexiptv.xyz\/fr\/wp-json\/wp\/v2\/media\/1355"}],"wp:attachment":[{"href":"https:\/\/en.trexiptv.xyz\/fr\/wp-json\/wp\/v2\/media?parent=1575"}],"wp:term":[{"taxonomy":"product_brand","embeddable":true,"href":"https:\/\/en.trexiptv.xyz\/fr\/wp-json\/wp\/v2\/product_brand?post=1575"},{"taxonomy":"product_cat","embeddable":true,"href":"https:\/\/en.trexiptv.xyz\/fr\/wp-json\/wp\/v2\/product_cat?post=1575"},{"taxonomy":"product_tag","embeddable":true,"href":"https:\/\/en.trexiptv.xyz\/fr\/wp-json\/wp\/v2\/product_tag?post=1575"}],"curies":[{"name":"wp","href":"https:\/\/api.w.org\/{rel}","templated":true}]}}