{"id":1575,"date":"2024-10-22T08:12:31","date_gmt":"2024-10-22T08:12:31","guid":{"rendered":"https:\/\/trexiptv.xyz\/?post_type=product&#038;p=1575"},"modified":"2025-07-18T17:39:21","modified_gmt":"2025-07-18T17:39:21","slug":"trex-iptv-reseller-buy-now","status":"publish","type":"product","link":"https:\/\/en.trexiptv.xyz\/de\/produkt\/trex-iptv-reseller-buy-now\/","title":{"rendered":"TREX IPTV Reseller &#8211; BUY NOW"},"content":{"rendered":"<p>trex iptv funktioniert auf verschiedenen Ger\u00e4tetypen: Android-TV-Boxen\/Telefon\/Pad, iOS-Ger\u00e4te, Smart-TVs, Mag-Linux-Boxen, PC \u2026<br \/>\n1 Verbindung max.<\/p>\n<p>IPTV-Abonnements sind der neue internationale Trend, da ihre herausragenden Funktionen individuellen Bed\u00fcrfnissen und Komfort gerecht werden. Jetzt bietet unser Trex IPTV-Dienst unseren Kunden sowohl Standard- als auch Plus-Abonnementpakete zur Auswahl. Dar\u00fcber hinaus bieten wir Ihnen f\u00fcr Ihren besten Kauf einen Monat, 3 Monate, 6 Monate oder 12 Monate. Und au\u00dferdem unterst\u00fctzt Trex IPTV eine 24-st\u00fcndige kostenlose IPTV-Testversion, bevor Sie Geld f\u00fcr ein echtes Abonnement verdienen. Wir sind sicher, Sie werden davon \u00fcberzeugt sein, dass der Trex IPTV-Code Ihre beste IPTV-L\u00f6sung ist.<\/p>\n<p>TREX IPTV is the best Full HD IPTV subscription | Top IPTV Server +60,000 Channels and VOD (Films &amp; Series).<\/p>\n<p>+36,000 international 4K \/ FullHD \/ HEVC \/ HD \/ SD channels.<\/p>\n<p>+150,000 films and series in several languages and countries.<\/p>\n<p><a href=\"https:\/\/trexiptv.xyz\" target=\"_blank\" rel=\"noopener\">TREX IPTV<\/a><br \/>\nTREX IPTV is currently the largest provider of French and international IPTV and VOD channels on the market. more than 10,000 HD\/SD\/3D\/4K channels for all your devices (IPTV on PC, IPTV tablet, IPTV smartphone, IPTV Smart TV, MAG IPTV, IPTV ENIGMA2, IPTV SPARK&#8230;)<\/p>\n<p>2 hour TRIAL<br \/>\nRequest a free 2 hour IPTV test to test our iptv server to achieve your own stability!<\/p>\n<p>OHNE PAUSE<br \/>\nUnsere INFRASTRUKTUR gew\u00e4hrleistet Datensicherheit AUF H\u00d6CHSTEM NIVEAU. Sie k\u00f6nnen Ihre Sender 24 Stunden am Tag ohne Unterbrechungen sehen!<\/p>\n<p>Erweiterter IPTV-Server<br \/>\nRedundante Netzwerkverbindungen mit 10 Gbit\/s Bandbreite erm\u00f6glichen schnelle Daten\u00fcbertragung!<\/p>\n<p>Unsere IPTV-Kan\u00e4le:<br \/>\nFrance, Belgium, Switzerland, Spain, Portugal, Italy, Germany, Netherlands, UK, Latino, Brazil, Turkey, USA, Canada, Africa, India, Pakistan, ARAB\u2026<\/p>\n<p>******************************************<br \/>\nTags: FRANCE IPTV, IPTV FRANCE, IPTV BELGIUM, IPTV Switzerland, IPTV Spanish \u201cTV ISPANIA\u201d, IPTV Italian, IPTV German, IPTV Arabic, IPTV Morocco, IPTV SKY ENGLAND, IPTV UK, IPTV CANAL HOLANDA, IPTV PORTUGAL, IPTV TURKISH, IPTV USA, IPTV CANADA, IPTV Africa, IPTV, iptv subscription, iptv morocco subscription, buy iptv, buy iptv, free iptv 48, iptv 48h, iptv cheaper, iptv pro, iptv bein sport, iptv test 48h, iptv test, iptv test 48, premium iptv test<\/p>\n<p>trexiptv.xyz \u2013 G\u00fcnstigeres IPTV-Abonnement.<br \/>\n*** Beinhaltet alle internationalen Blumenstr\u00e4u\u00dfe.<br \/>\n*** Beinhaltet Tausende von Filmen und Serien auf VOD.<\/p>\n<p>Kompatible Ger\u00e4te:<\/p>\n<p>&#8211; Smart TV (Samsung, LG, Sony, Philips, Sharp, Haier, Visio&#8230;)<br \/>\n&#8211; Any type of Android device (Android Box, Android TV, etc.): trex iptv activation code<br \/>\n&#8211; MAG (MAG200, MAG245, MAG245D, MAG250, MAG254, MAG255, MAG256, MAG257, MAG260, MAG270, MAG275, MAG322, MAG323, MAG324, MAG325, MAG349, MAG350, MAG351, MAG352, MAG420 WR &#8230; any other type of 32 GAM): trex iptv portal<br \/>\n&#8211; PC (VLC, Kodi&#8230;)<br \/>\n&#8211; IOS (MAC, Iphone, Ipad&#8230;)<br \/>\n&#8211; Moresat receivers (Samsat, Echolink, Starsat, Pinacle &#8230;)<br \/>\n&#8211; Receivers with Enigma 2 (Dreambox, Vu+&#8230;)<br \/>\nAnd other equipme<\/p>\n<p><a href=\"https:\/\/wa.me\/message\/PICY4D4V3MCIH1\" target=\"_blank\" rel=\"noopener\">KONTAKTIEREN SIE UNS PER WHATSAPP\u00a0<\/a><\/p>","protected":false},"excerpt":{"rendered":"<div class=\"MuiStack-root css-1yrsmv\"><span class=\"MuiTypography-root MuiTypography-text14 css-1n9mc53\">Erleben Sie mit TREX IPTV das beste Streaming-Entertainment. Erhalten Sie Zugriff auf eine gro\u00dfe Auswahl an Kan\u00e4len und genie\u00dfen Sie hochwertige Inhalte auf Abruf. Testen Sie TREX IPTV noch heute!<\/span><\/div>\n<p>ip tv trex ist das beste Full HD IPTV-Abonnement | Top IPTV-Server +180.000 Kan\u00e4le und VOD (Filme &amp; Serien).<\/p>\n<p>+22000 international channels 4K \/ FullHD \/ HEVC \/ HD \/ SD.<\/p>\n<p>+150,000 films and series in several languages and countries.<\/p>\n<ul>\n<li>ist ein IPTV-System mit mehr Stabilit\u00e4t.<\/li>\n<li>hat das 4K-Panel basierend auf den Anforderungen von Wiederverk\u00e4ufern entwickelt.<\/li>\n<li>hat die Senderliste nach den Bed\u00fcrfnissen der Endkunden zusammengestellt.<\/li>\n<li>bietet unterschiedliche Qualit\u00e4ten wie HD, 4K, 8K.<\/li>\n<li>bietet Support rund um die Uhr.<\/li>\n<\/ul>","protected":false},"featured_media":1355,"comment_status":"open","ping_status":"closed","template":"","meta":{"site-sidebar-layout":"default","site-content-layout":"","ast-site-content-layout":"default","site-content-style":"default","site-sidebar-style":"default","ast-global-header-display":"","ast-banner-title-visibility":"","ast-main-header-display":"","ast-hfb-above-header-display":"","ast-hfb-below-header-display":"","ast-hfb-mobile-header-display":"","site-post-title":"","ast-breadcrumbs-content":"","ast-featured-img":"","footer-sml-layout":"","ast-disable-related-posts":"","theme-transparent-header-meta":"default","adv-header-id-meta":"","stick-header-meta":"","header-above-stick-meta":"","header-main-stick-meta":"","header-below-stick-meta":"","astra-migrate-meta-layouts":"set","ast-page-background-enabled":"default","ast-page-background-meta":{"desktop":{"background-color":"","background-image":"","background-repeat":"repeat","background-position":"center center","background-size":"auto","background-attachment":"scroll","background-type":"","background-media":"","overlay-type":"","overlay-color":"","overlay-opacity":"","overlay-gradient":""},"tablet":{"background-color":"","background-image":"","background-repeat":"repeat","background-position":"center center","background-size":"auto","background-attachment":"scroll","background-type":"","background-media":"","overlay-type":"","overlay-color":"","overlay-opacity":"","overlay-gradient":""},"mobile":{"background-color":"","background-image":"","background-repeat":"repeat","background-position":"center center","background-size":"auto","background-attachment":"scroll","background-type":"","background-media":"","overlay-type":"","overlay-color":"","overlay-opacity":"","overlay-gradient":""}},"ast-content-background-meta":{"desktop":{"background-color":"var(--ast-global-color-5)","background-image":"","background-repeat":"repeat","background-position":"center center","background-size":"auto","background-attachment":"scroll","background-type":"","background-media":"","overlay-type":"","overlay-color":"","overlay-opacity":"","overlay-gradient":""},"tablet":{"background-color":"var(--ast-global-color-5)","background-image":"","background-repeat":"repeat","background-position":"center center","background-size":"auto","background-attachment":"scroll","background-type":"","background-media":"","overlay-type":"","overlay-color":"","overlay-opacity":"","overlay-gradient":""},"mobile":{"background-color":"var(--ast-global-color-5)","background-image":"","background-repeat":"repeat","background-position":"center center","background-size":"auto","background-attachment":"scroll","background-type":"","background-media":"","overlay-type":"","overlay-color":"","overlay-opacity":"","overlay-gradient":""}}},"product_brand":[],"product_cat":[24],"product_tag":[60],"class_list":{"0":"post-1575","1":"product","2":"type-product","3":"status-publish","4":"has-post-thumbnail","6":"product_cat-trex-iptv","7":"product_tag-trex-iptv-reseller","8":"desktop-align-left","9":"tablet-align-left","10":"mobile-align-left","12":"first","13":"instock","14":"taxable","15":"shipping-taxable","16":"purchasable","17":"product-type-variable"},"_links":{"self":[{"href":"https:\/\/en.trexiptv.xyz\/de\/wp-json\/wp\/v2\/product\/1575","targetHints":{"allow":["GET"]}}],"collection":[{"href":"https:\/\/en.trexiptv.xyz\/de\/wp-json\/wp\/v2\/product"}],"about":[{"href":"https:\/\/en.trexiptv.xyz\/de\/wp-json\/wp\/v2\/types\/product"}],"replies":[{"embeddable":true,"href":"https:\/\/en.trexiptv.xyz\/de\/wp-json\/wp\/v2\/comments?post=1575"}],"wp:featuredmedia":[{"embeddable":true,"href":"https:\/\/en.trexiptv.xyz\/de\/wp-json\/wp\/v2\/media\/1355"}],"wp:attachment":[{"href":"https:\/\/en.trexiptv.xyz\/de\/wp-json\/wp\/v2\/media?parent=1575"}],"wp:term":[{"taxonomy":"product_brand","embeddable":true,"href":"https:\/\/en.trexiptv.xyz\/de\/wp-json\/wp\/v2\/product_brand?post=1575"},{"taxonomy":"product_cat","embeddable":true,"href":"https:\/\/en.trexiptv.xyz\/de\/wp-json\/wp\/v2\/product_cat?post=1575"},{"taxonomy":"product_tag","embeddable":true,"href":"https:\/\/en.trexiptv.xyz\/de\/wp-json\/wp\/v2\/product_tag?post=1575"}],"curies":[{"name":"wp","href":"https:\/\/api.w.org\/{rel}","templated":true}]}}