{"id":1330,"date":"2024-01-07T18:02:15","date_gmt":"2024-01-07T18:02:15","guid":{"rendered":"https:\/\/trexiptv.xyz\/?post_type=product&#038;p=1330"},"modified":"2025-07-17T12:30:24","modified_gmt":"2025-07-17T12:30:24","slug":"trex-iptv","status":"publish","type":"product","link":"https:\/\/en.trexiptv.xyz\/de\/produkt\/trex-iptv\/","title":{"rendered":"TREX IPTV JETZT KAUFEN"},"content":{"rendered":"<div class=\"markdown-heading\">\n<h2 class=\"heading-element\" tabindex=\"-1\">Das ultimative IPTV-Erlebnis f\u00fcr alle Ihre Ger\u00e4te<\/h2>\n<p><a id=\"user-content-the-ultimate-iptv-experience-for-all-your-devices\" class=\"anchor\" href=\"https:\/\/github.com\/copilot\/c\/974b7ecf-92b1-4d68-9a32-2cfbf8f995a9#the-ultimate-iptv-experience-for-all-your-devices\" aria-label=\"Permalink: The Ultimate IPTV Experience for All Your Devices\" target=\"_blank\" rel=\"noopener\"><\/a><\/div>\n<p><strong>TREX IPTV<\/strong>\u00a0bietet die umfassendste Streaming-L\u00f6sung auf dem Markt \u2013 mit beispielloser Inhaltsvielfalt, herausragender Qualit\u00e4t und Multi-Device-Kompatibilit\u00e4t. Ob internationale Sender, aktuelle Filme oder spannende Serien \u2013 unser Service bietet alles, was Sie brauchen \u2013 mit nur einer Verbindung.<\/p>\n<div class=\"markdown-heading\">\n<h3 class=\"heading-element\" tabindex=\"-1\">Warum TREX IPTV w\u00e4hlen?<\/h3>\n<p><a id=\"user-content-why-choose-trex-iptv\" class=\"anchor\" href=\"https:\/\/github.com\/copilot\/c\/974b7ecf-92b1-4d68-9a32-2cfbf8f995a9#why-choose-trex-iptv\" aria-label=\"Permalink: Why Choose TREX IPTV?\" target=\"_blank\" rel=\"noopener\"><\/a><\/div>\n<p>TREX IPTV zeichnet sich durch\u00a0<strong>marktf\u00fchrender IPTV-Anbieter<\/strong>\u00a0mit:<\/p>\n<ul>\n<li><strong>Riesige Inhaltsbibliothek<\/strong>: Zugriff auf \u00fcber 33.000 internationale Kan\u00e4le in 4K-, FullHD-, HEVC-, HD- und SD-Qualit\u00e4t<\/li>\n<li><strong>Umfangreiche VOD-Sammlung<\/strong>: Genie\u00dfen Sie \u00fcber 170.000 Filme und Serien in mehreren Sprachen<\/li>\n<li><strong>Globale Abdeckung<\/strong>: Umfassende Senderpakete aus Frankreich, Belgien, der Schweiz, Spanien, Portugal, Italien, Deutschland, den Niederlanden, Gro\u00dfbritannien, den USA, Kanada, Lateinamerika, Brasilien, der T\u00fcrkei, Afrika, Indien, Pakistan, arabischen L\u00e4ndern und mehr<\/li>\n<li><strong>\u00dcberlegene Stabilit\u00e4t<\/strong>: Fortschrittliche Infrastruktur mit redundanten 10-Gbit\/s-Netzwerkverbindungen, die unterbrechungsfreies Streaming rund um die Uhr gew\u00e4hrleisten<\/li>\n<li><strong>Flexible Abonnementoptionen<\/strong>: W\u00e4hlen Sie zwischen Standard- und Plus-Paketen mit 1-, 3-, 6- oder 12-Monats-Pl\u00e4nen<\/li>\n<li><strong>Risikofrei testen<\/strong>: Testen Sie unseren Service mit einer 24-st\u00fcndigen kostenlosen Testversion, bevor Sie sich anmelden<\/li>\n<\/ul>\n<div class=\"markdown-heading\">\n<h2 class=\"heading-element\" tabindex=\"-1\">Au\u00dfergew\u00f6hnliche Streaming-Qualit\u00e4t auf allen Ger\u00e4ten<\/h2>\n<p><a id=\"user-content-exceptional-streaming-quality-across-all-devices\" class=\"anchor\" href=\"https:\/\/github.com\/copilot\/c\/974b7ecf-92b1-4d68-9a32-2cfbf8f995a9#exceptional-streaming-quality-across-all-devices\" aria-label=\"Permalink: Exceptional Streaming Quality Across All Devices\" target=\"_blank\" rel=\"noopener\"><\/a><\/div>\n<p>TREX IPTV liefert kristallklare Streams auf praktisch jedes Ihrer Ger\u00e4te:<\/p>\n<div class=\"markdown-heading\">\n<h3 class=\"heading-element\" tabindex=\"-1\">Smart-TVs<\/h3>\n<p><a id=\"user-content-smart-tvs\" class=\"anchor\" href=\"https:\/\/github.com\/copilot\/c\/974b7ecf-92b1-4d68-9a32-2cfbf8f995a9#smart-tvs\" aria-label=\"Permalink: Smart TVs\" target=\"_blank\" rel=\"noopener\"><\/a><\/div>\n<ul>\n<li>Samsung, LG, Sony, Philips, Sharp, Haier, Vizio und mehr<\/li>\n<\/ul>\n<div class=\"markdown-heading\">\n<h3 class=\"heading-element\" tabindex=\"-1\">Android-Ger\u00e4te<\/h3>\n<p><a id=\"user-content-android-devices\" class=\"anchor\" href=\"https:\/\/github.com\/copilot\/c\/974b7ecf-92b1-4d68-9a32-2cfbf8f995a9#android-devices\" aria-label=\"Permalink: Android Devices\" target=\"_blank\" rel=\"noopener\"><\/a><\/div>\n<ul>\n<li>Android TV-Boxen<\/li>\n<li>Android-Smartphones und -Tablets<\/li>\n<li>Android TV-f\u00e4hige Fernseher<\/li>\n<\/ul>\n<div class=\"markdown-heading\">\n<h3 class=\"heading-element\" tabindex=\"-1\">Apple Ecosystem<\/h3>\n<p><a id=\"user-content-apple-ecosystem\" class=\"anchor\" href=\"https:\/\/github.com\/copilot\/c\/974b7ecf-92b1-4d68-9a32-2cfbf8f995a9#apple-ecosystem\" aria-label=\"Permalink: Apple Ecosystem\" target=\"_blank\" rel=\"noopener\"><\/a><\/div>\n<ul>\n<li>iPhones and iPads<\/li>\n<li>Apple TV<\/li>\n<li>Mac computers<\/li>\n<\/ul>\n<div class=\"markdown-heading\">\n<h3 class=\"heading-element\" tabindex=\"-1\">MAG-Ger\u00e4te<\/h3>\n<p><a id=\"user-content-mag-devices\" class=\"anchor\" href=\"https:\/\/github.com\/copilot\/c\/974b7ecf-92b1-4d68-9a32-2cfbf8f995a9#mag-devices\" aria-label=\"Permalink: MAG Devices\" target=\"_blank\" rel=\"noopener\"><\/a><\/div>\n<ul>\n<li>All MAG models supported (200, 245, 250, 254, 255, 256, 257, 260, 270, 275, 322, 323, 324, 325, 349, 350, 351, 352, 420 WR, and more)<\/li>\n<\/ul>\n<div class=\"markdown-heading\">\n<h3 class=\"heading-element\" tabindex=\"-1\">Andere kompatible Systeme<\/h3>\n<p><a id=\"user-content-other-compatible-systems\" class=\"anchor\" href=\"https:\/\/github.com\/copilot\/c\/974b7ecf-92b1-4d68-9a32-2cfbf8f995a9#other-compatible-systems\" aria-label=\"Permalink: Other Compatible Systems\" target=\"_blank\" rel=\"noopener\"><\/a><\/div>\n<ul>\n<li>Windows-PCs (mit VLC, Kodi und anderen Mediaplayern)<\/li>\n<li>Linux-Receiver<\/li>\n<li>Enigma2-Receiver (Dreambox, Vu+)<\/li>\n<li>Moresat-Receiver (Samsat, Echolink, Starsat, Pinacle)<\/li>\n<\/ul>\n<div class=\"markdown-heading\">\n<h2 class=\"heading-element\" tabindex=\"-1\">Abo-Pakete \u2013 ma\u00dfgeschneidert f\u00fcr Sie<\/h2>\n<p><a id=\"user-content-subscription-plans-designed-for-you\" class=\"anchor\" href=\"https:\/\/github.com\/copilot\/c\/974b7ecf-92b1-4d68-9a32-2cfbf8f995a9#subscription-plans-designed-for-you\" aria-label=\"Permalink: Subscription Plans Designed for You\" target=\"_blank\" rel=\"noopener\"><\/a><\/div>\n<p>TREX IPTV bietet flexible Abo-Optionen, die zu Ihren Sehgewohnheiten und Ihrem Budget passen:<\/p>\n<div class=\"markdown-heading\">\n<h3 class=\"heading-element\" tabindex=\"-1\">Standard-Paket<\/h3>\n<p><a id=\"user-content-standard-package\" class=\"anchor\" href=\"https:\/\/github.com\/copilot\/c\/974b7ecf-92b1-4d68-9a32-2cfbf8f995a9#standard-package\" aria-label=\"Permalink: Standard Package\" target=\"_blank\" rel=\"noopener\"><\/a><\/div>\n<ul>\n<li>Voller Zugriff auf \u00fcber 33.000 Live-Kan\u00e4le<\/li>\n<li>Streaming in HD- und SD-Qualit\u00e4t<\/li>\n<li>Kundensupport rund um die Uhr<\/li>\n<\/ul>\n<div class=\"markdown-heading\">\n<h3 class=\"heading-element\" tabindex=\"-1\">Plus-Paket<\/h3>\n<p><a id=\"user-content-plus-package\" class=\"anchor\" href=\"https:\/\/github.com\/copilot\/c\/974b7ecf-92b1-4d68-9a32-2cfbf8f995a9#plus-package\" aria-label=\"Permalink: Plus Package\" target=\"_blank\" rel=\"noopener\"><\/a><\/div>\n<ul>\n<li>Alles im Standard-Paket<\/li>\n<li>Verbesserte 4K- und Full-HD-Inhalte<\/li>\n<li>Priorit\u00e4rer Serverzugriff f\u00fcr h\u00f6chste Stabilit\u00e4t<\/li>\n<li>Zugriff auf die Premium-VOD-Bibliothek<\/li>\n<\/ul>\n<div class=\"markdown-heading\">\n<h3 class=\"heading-element\" tabindex=\"-1\">W\u00e4hlen Sie Ihre Laufzeit<\/h3>\n<p><a id=\"user-content-choose-your-duration\" class=\"anchor\" href=\"https:\/\/github.com\/copilot\/c\/974b7ecf-92b1-4d68-9a32-2cfbf8f995a9#choose-your-duration\" aria-label=\"Permalink: Choose Your Duration\" target=\"_blank\" rel=\"noopener\"><\/a><\/div>\n<ul>\n<li>1 Monat: Ideal zum Testen unseres Dienstes<\/li>\n<li>3 Monate: Unsere beliebte Option f\u00fcr die mittlere Laufzeit<\/li>\n<li>6 Monate: G\u00fcnstig f\u00fcr treue Zuschauer<\/li>\n<li>12 Monate: Unser g\u00fcnstigstes Langzeit-Abo<\/li>\n<\/ul>\n<p><strong>Wichtig: Pro Abo ist maximal eine gleichzeitige Verbindung m\u00f6glich.<\/strong><\/p>\n<div class=\"markdown-heading\">\n<h2 class=\"heading-element\" tabindex=\"-1\">Testen Sie TREX IPTV vor dem Kauf<\/h2>\n<p><a id=\"user-content-experience-trex-iptv-before-you-buy\" class=\"anchor\" href=\"https:\/\/github.com\/copilot\/c\/974b7ecf-92b1-4d68-9a32-2cfbf8f995a9#experience-trex-iptv-before-you-buy\" aria-label=\"Permalink: Experience TREX IPTV Before You Buy\" target=\"_blank\" rel=\"noopener\"><\/a><\/div>\n<p>Wir sind von der Qualit\u00e4t unserer Dienstleistungen \u00fcberzeugt und bieten deshalb eine\u00a0<strong>24 Stunden kostenlos testen<\/strong>\u00a0Ohne Verpflichtungen. Testen Sie unser umfangreiches Senderangebot, die Streaming-Qualit\u00e4t und die Kompatibilit\u00e4t mit Ihren Ger\u00e4ten, bevor Sie sich entscheiden.<\/p>\n<div class=\"markdown-heading\">\n<h2 class=\"heading-element\" tabindex=\"-1\">Warum unsere Kunden sich f\u00fcr TREX IPTV entscheiden<\/h2>\n<p><a id=\"user-content-why-our-customers-choose-trex-iptv\" class=\"anchor\" href=\"https:\/\/github.com\/copilot\/c\/974b7ecf-92b1-4d68-9a32-2cfbf8f995a9#why-our-customers-choose-trex-iptv\" aria-label=\"Permalink: Why Our Customers Choose TREX IPTV\" target=\"_blank\" rel=\"noopener\"><\/a><\/div>\n<ul>\n<li><strong>Un\u00fcbertroffene Inhaltsvielfalt<\/strong>: Mit \u00fcber 33.000 Kan\u00e4len und 170.000 VOD-Titeln gibt es immer etwas zu sehen<\/li>\n<li><strong>\u00dcberlegene Zuverl\u00e4ssigkeit<\/strong>: Unsere fortschrittliche Infrastruktur gew\u00e4hrleistet minimale Pufferung und maximale Betriebszeit<\/li>\n<li><strong>Ausgezeichnetes Preis-Leistungs-Verh\u00e4ltnis<\/strong>: Wettbewerbsf\u00e4hige Preise f\u00fcr Premium-Inhalte<\/li>\n<li><strong>Flexibilit\u00e4t f\u00fcr mehrere Ger\u00e4te<\/strong>: Ein Abonnement funktioniert auf allen Ihren kompatiblen Ger\u00e4ten<\/li>\n<li><strong>Regelm\u00e4\u00dfige Updates<\/strong>: Kontinuierlich wachsendes Senderangebot und VOD-Bibliothek<\/li>\n<\/ul>\n<div class=\"markdown-heading\">\n<h2 class=\"heading-element\" tabindex=\"-1\">Erste Schritte mit TREX IPTV<\/h2>\n<p><a id=\"user-content-how-to-get-started-with-trex-iptv\" class=\"anchor\" href=\"https:\/\/github.com\/copilot\/c\/974b7ecf-92b1-4d68-9a32-2cfbf8f995a9#how-to-get-started-with-trex-iptv\" aria-label=\"Permalink: How to Get Started with TREX IPTV\" target=\"_blank\" rel=\"noopener\"><\/a><\/div>\n<ol>\n<li>Besuchen Sie unsere Website unter\u00a0<a href=\"https:\/\/en.trexiptv.xyz\/de\/produkt\/trex-iptv\/\" rel=\"nofollow\">trexiptv.xyz<\/a><\/li>\n<li>W\u00e4hlen Sie Ihr bevorzugtes Paket und die Abonnementdauer<\/li>\n<li>24 Stunden kostenlos testen<\/li>\n<li>Genie\u00dfen Sie Premium-Inhalte auf allen Ihren Ger\u00e4ten<\/li>\n<\/ol>\n<p><strong>TREX IPTV \u2013 Die ultimative Streaming-L\u00f6sung f\u00fcr anspruchsvolle Zuschauer<\/strong><\/p>\n<p><a href=\"https:\/\/wa.me\/message\/PICY4D4V3MCIH1\" target=\"_blank\" rel=\"noopener\">KONTAKTIEREN SIE UNS PER WHATSAPP\u00a0<\/a><\/p>","protected":false},"excerpt":{"rendered":"<div class=\"MuiStack-root css-1yrsmv\"><span class=\"MuiTypography-root MuiTypography-text14 css-1n9mc53\">Erleben Sie mit TREX IPTV das beste Streaming-Entertainment. Erhalten Sie Zugriff auf eine gro\u00dfe Auswahl an Kan\u00e4len und genie\u00dfen Sie hochwertige Inhalte auf Abruf. Testen Sie TREX IPTV noch heute!<\/span><\/div>\n<p>ip tv trex ist das beste Full HD IPTV-Abonnement | Top IPTV-Server +180.000 Kan\u00e4le und VOD (Filme &amp; Serien).<\/p>\n<p>+33000 internationale Kan\u00e4le 4K \/ FullHD \/ HEVC \/ HD \/ SD.<\/p>\n<p>+170.000 Filme und Serien in mehreren Sprachen und L\u00e4ndern.<\/p>\n<ul>\n<li>ist ein IPTV-System mit mehr Stabilit\u00e4t.<\/li>\n<li>hat das 4K-Panel basierend auf den Anforderungen von Wiederverk\u00e4ufern entwickelt.<\/li>\n<li>hat die Senderliste nach den Bed\u00fcrfnissen der Endkunden zusammengestellt.<\/li>\n<li>bietet unterschiedliche Qualit\u00e4ten wie HD, 4K, 8K.<\/li>\n<li>bietet Support rund um die Uhr.<\/li>\n<\/ul>","protected":false},"featured_media":1355,"comment_status":"open","ping_status":"closed","template":"","meta":{"site-sidebar-layout":"default","site-content-layout":"","ast-site-content-layout":"default","site-content-style":"default","site-sidebar-style":"default","ast-global-header-display":"","ast-banner-title-visibility":"","ast-main-header-display":"","ast-hfb-above-header-display":"","ast-hfb-below-header-display":"","ast-hfb-mobile-header-display":"","site-post-title":"","ast-breadcrumbs-content":"","ast-featured-img":"","footer-sml-layout":"","ast-disable-related-posts":"","theme-transparent-header-meta":"default","adv-header-id-meta":"","stick-header-meta":"","header-above-stick-meta":"","header-main-stick-meta":"","header-below-stick-meta":"","astra-migrate-meta-layouts":"set","ast-page-background-enabled":"default","ast-page-background-meta":{"desktop":{"background-color":"","background-image":"","background-repeat":"repeat","background-position":"center center","background-size":"auto","background-attachment":"scroll","background-type":"","background-media":"","overlay-type":"","overlay-color":"","overlay-opacity":"","overlay-gradient":""},"tablet":{"background-color":"","background-image":"","background-repeat":"repeat","background-position":"center center","background-size":"auto","background-attachment":"scroll","background-type":"","background-media":"","overlay-type":"","overlay-color":"","overlay-opacity":"","overlay-gradient":""},"mobile":{"background-color":"","background-image":"","background-repeat":"repeat","background-position":"center center","background-size":"auto","background-attachment":"scroll","background-type":"","background-media":"","overlay-type":"","overlay-color":"","overlay-opacity":"","overlay-gradient":""}},"ast-content-background-meta":{"desktop":{"background-color":"var(--ast-global-color-5)","background-image":"","background-repeat":"repeat","background-position":"center center","background-size":"auto","background-attachment":"scroll","background-type":"","background-media":"","overlay-type":"","overlay-color":"","overlay-opacity":"","overlay-gradient":""},"tablet":{"background-color":"var(--ast-global-color-5)","background-image":"","background-repeat":"repeat","background-position":"center center","background-size":"auto","background-attachment":"scroll","background-type":"","background-media":"","overlay-type":"","overlay-color":"","overlay-opacity":"","overlay-gradient":""},"mobile":{"background-color":"var(--ast-global-color-5)","background-image":"","background-repeat":"repeat","background-position":"center center","background-size":"auto","background-attachment":"scroll","background-type":"","background-media":"","overlay-type":"","overlay-color":"","overlay-opacity":"","overlay-gradient":""}}},"product_brand":[],"product_cat":[24],"product_tag":[],"class_list":{"0":"post-1330","1":"product","2":"type-product","3":"status-publish","4":"has-post-thumbnail","6":"product_cat-trex-iptv","7":"desktop-align-left","8":"tablet-align-left","9":"mobile-align-left","11":"first","12":"instock","13":"taxable","14":"shipping-taxable","15":"purchasable","16":"product-type-variable"},"_links":{"self":[{"href":"https:\/\/en.trexiptv.xyz\/de\/wp-json\/wp\/v2\/product\/1330","targetHints":{"allow":["GET"]}}],"collection":[{"href":"https:\/\/en.trexiptv.xyz\/de\/wp-json\/wp\/v2\/product"}],"about":[{"href":"https:\/\/en.trexiptv.xyz\/de\/wp-json\/wp\/v2\/types\/product"}],"replies":[{"embeddable":true,"href":"https:\/\/en.trexiptv.xyz\/de\/wp-json\/wp\/v2\/comments?post=1330"}],"wp:featuredmedia":[{"embeddable":true,"href":"https:\/\/en.trexiptv.xyz\/de\/wp-json\/wp\/v2\/media\/1355"}],"wp:attachment":[{"href":"https:\/\/en.trexiptv.xyz\/de\/wp-json\/wp\/v2\/media?parent=1330"}],"wp:term":[{"taxonomy":"product_brand","embeddable":true,"href":"https:\/\/en.trexiptv.xyz\/de\/wp-json\/wp\/v2\/product_brand?post=1330"},{"taxonomy":"product_cat","embeddable":true,"href":"https:\/\/en.trexiptv.xyz\/de\/wp-json\/wp\/v2\/product_cat?post=1330"},{"taxonomy":"product_tag","embeddable":true,"href":"https:\/\/en.trexiptv.xyz\/de\/wp-json\/wp\/v2\/product_tag?post=1330"}],"curies":[{"name":"wp","href":"https:\/\/api.w.org\/{rel}","templated":true}]}}