{"id":1423,"date":"2024-01-19T21:35:43","date_gmt":"2024-01-19T21:35:43","guid":{"rendered":"https:\/\/trexiptv.xyz\/?page_id=1423"},"modified":"2024-01-19T21:35:43","modified_gmt":"2024-01-19T21:35:43","slug":"series","status":"publish","type":"page","link":"https:\/\/en.trexiptv.xyz\/ar\/series\/","title":{"rendered":"Series"},"content":{"rendered":"<p>TrexOTT You Can Choose ALL Series You Want<\/p>\n<article id=\"\" class=\"box_product\">\n<h2>Trex OTT &#8211; |NL| NETFLIX<\/h2>\n<\/article>\n<article id=\"\" class=\"box_product\">\n<h2>Trex OTT &#8211; |NL| VIDEOLAND<\/h2>\n<\/article>\n<article id=\"\" class=\"box_product\">\n<h2>Trex OTT &#8211; |NL| HBO MAX<\/h2>\n<\/article>\n<article id=\"\" class=\"box_product\">\n<h2>Trex OTT &#8211; |NL| AMAZON PRIME<\/h2>\n<\/article>\n<article id=\"\" class=\"box_product\">\n<h2>Trex OTT &#8211; |NL| DISNEY +<\/h2>\n<\/article>\n<article id=\"\" class=\"box_product\">\n<h2>Trex OTT &#8211; |NL| APPLE TV+<\/h2>\n<\/article>\n<article id=\"\" class=\"box_product\">\n<h2>Trex OTT &#8211; |NL| DISCOVERY PLUS<\/h2>\n<\/article>\n<article id=\"\" class=\"box_product\">\n<h2>Trex OTT &#8211; |NL| VIAPLAY<\/h2>\n<\/article>\n<article id=\"\" class=\"box_product\">\n<h2>Trex OTT &#8211; |NL| OVERIGE<\/h2>\n<\/article>\n<article id=\"\" class=\"box_product\">\n<h2>Trex OTT &#8211; |MULTI| NETFLIX SERIES 4K<\/h2>\n<\/article>\n<article id=\"\" class=\"box_product\">\n<h2>Trex OTT &#8211; |MULTI| NETFLIX KIDS 4K<\/h2>\n<\/article>\n<article id=\"\" class=\"box_product\">\n<h2>Trex OTT &#8211; |MULTI| NETFLIX SERIES<\/h2>\n<\/article>\n<article id=\"\" class=\"box_product\">\n<h2>Trex OTT &#8211; |MULTI| NETFLIX ASIA<\/h2>\n<\/article>\n<article id=\"\" class=\"box_product\">\n<h2>Trex OTT &#8211; |MULTI| NETFLIX KIDS<\/h2>\n<\/article>\n<article id=\"\" class=\"box_product\">\n<h2>Trex OTT &#8211; |MULTI| APPLE+ SERIES<\/h2>\n<\/article>\n<article id=\"\" class=\"box_product\">\n<h2>Trex OTT &#8211; |MULTI| APPLE+ KIDS<\/h2>\n<\/article>\n<article id=\"\" class=\"box_product\">\n<h2>Trex OTT &#8211; |MULTI| DISNEY+ SERIES<\/h2>\n<\/article>\n<article id=\"\" class=\"box_product\">\n<h2>Trex OTT &#8211; |MULTI| DISNEY+ KIDS<\/h2>\n<\/article>\n<article id=\"\" class=\"box_product\">\n<h2>Trex OTT &#8211; |EN| ENGLISH SERIES<\/h2>\n<\/article>\n<article id=\"\" class=\"box_product\">\n<h2>Trex OTT &#8211; |EN| SERIES 2022<\/h2>\n<\/article>\n<article id=\"\" class=\"box_product\">\n<h2>Trex OTT &#8211; |EN| TOP 100 SERIES<\/h2>\n<\/article>\n<article id=\"\" class=\"box_product\">\n<h2>Trex OTT &#8211; |EN| NETFLIX<\/h2>\n<\/article>\n<article id=\"\" class=\"box_product\">\n<h2>Trex OTT &#8211; |EN| TURKISH SERIES SUB<\/h2>\n<\/article>\n<article id=\"\" class=\"box_product\">\n<h2>Trex OTT &#8211; |EN| DOCUMENTARIES<\/h2>\n<\/article>\n<article id=\"\" class=\"box_product\">\n<h2>Trex OTT &#8211; |EN| AMAZONE PRIME<\/h2>\n<\/article>\n<article id=\"\" class=\"box_product\">\n<h2>Trex OTT &#8211; |EN| APPLE TV+<\/h2>\n<\/article>\n<article id=\"\" class=\"box_product\">\n<h2>Trex OTT &#8211; |EN| HBO MAX<\/h2>\n<\/article>\n<article id=\"\" class=\"box_product\">\n<h2>Trex OTT &#8211; |EN| HULU<\/h2>\n<\/article>\n<article id=\"\" class=\"box_product\">\n<h2>Trex OTT &#8211; |EN| DISNEY+ SERIES<\/h2>\n<\/article>\n<article id=\"\" class=\"box_product\">\n<h2>Trex OTT &#8211; |EN| DISNEY+ ANIMATION<\/h2>\n<\/article>\n<article id=\"\" class=\"box_product\">\n<h2>Trex OTT &#8211; |EN| ENGLISH KIDS<\/h2>\n<\/article>\n<article id=\"\" class=\"box_product\">\n<h2>Trex OTT &#8211; |EN| ANIME<\/h2>\n<\/article>\n<article id=\"\" class=\"box_product\">\n<h2>Trex OTT &#8211; |EN| KOREAN DRAMA<\/h2>\n<\/article>\n<article id=\"\" class=\"box_product\">\n<h2>Trex OTT &#8211; |FR| SERIES 2022<\/h2>\n<\/article>\n<article id=\"\" class=\"box_product\">\n<h2>Trex OTT &#8211; |FR| GOLDEN GLOBE 2022<\/h2>\n<\/article>\n<article id=\"\" class=\"box_product\">\n<h2>Trex OTT &#8211; |FR| NETFLIX<\/h2>\n<\/article>\n<article id=\"\" class=\"box_product\">\n<h2>Trex OTT &#8211; |FR| NETFLIX KIDS<\/h2>\n<\/article>\n<article id=\"\" class=\"box_product\">\n<h2>Trex OTT &#8211; |FR| NETFLIX DOC<\/h2>\n<\/article>\n<article id=\"\" class=\"box_product\">\n<h2>Trex OTT &#8211; |FR| AMAZON PRIME<\/h2>\n<\/article>\n<article id=\"\" class=\"box_product\">\n<h2>Trex OTT &#8211; |FR| APPLE TV+<\/h2>\n<\/article>\n<article id=\"\" class=\"box_product\">\n<h2>Trex OTT &#8211; |FR| HBO MAX<\/h2>\n<\/article>\n<article id=\"\" class=\"box_product\">\n<h2>Trex OTT &#8211; |FR| STARZ PLAY<\/h2>\n<\/article>\n<article id=\"\" class=\"box_product\">\n<h2>Trex OTT &#8211; |FR| HULU SERIES<\/h2>\n<\/article>\n<article id=\"\" class=\"box_product\">\n<h2>Trex OTT &#8211; |FR| ANIMATION<\/h2>\n<\/article>\n<article id=\"\" class=\"box_product\">\n<h2>Trex OTT &#8211; |FR| DISNEY+ SERIES<\/h2>\n<\/article>\n<article id=\"\" class=\"box_product\">\n<h2>Trex OTT &#8211; |FR| DISNEY+ ANIME<\/h2>\n<\/article>\n<article id=\"\" class=\"box_product\">\n<h2>Trex OTT &#8211; |FR| ACTION | AVENTURE<\/h2>\n<\/article>\n<article id=\"\" class=\"box_product\">\n<h2>Trex OTT &#8211; |FR| MAFIA | GANGSTER<\/h2>\n<\/article>\n<article id=\"\" class=\"box_product\">\n<h2>Trex OTT &#8211; |FR| COMEDIE<\/h2>\n<\/article>\n<article id=\"\" class=\"box_product\">\n<h2>Trex OTT &#8211; |FR| DOCUMENTAIRE<\/h2>\n<\/article>\n<article id=\"\" class=\"box_product\">\n<h2>Trex OTT &#8211; |FR| WESTERN<\/h2>\n<\/article>\n<article id=\"\" class=\"box_product\">\n<h2>Trex OTT &#8211; |FR| MANGA<\/h2>\n<\/article>\n<article id=\"\" class=\"box_product\">\n<h2>Trex OTT &#8211; |FR| HORREUR<\/h2>\n<\/article>\n<article id=\"\" class=\"box_product\">\n<h2>Trex OTT &#8211; |FR| EMISSION | T\u00c9L\u00c9-R\u00c9ALIT\u00c9<\/h2>\n<\/article>\n<article id=\"\" class=\"box_product\">\n<h2>Trex OTT &#8211; |FR| DRAME<\/h2>\n<\/article>\n<article id=\"\" class=\"box_product\">\n<h2>Trex OTT &#8211; |FR| CRIME | POLICIER<\/h2>\n<\/article>\n<article id=\"\" class=\"box_product\">\n<h2>Trex OTT &#8211; |FR| SF | FANTASTIQUE<\/h2>\n<\/article>\n<article id=\"\" class=\"box_product\">\n<h2>Trex OTT &#8211; |FR| ANCIENNE<\/h2>\n<\/article>\n<article id=\"\" class=\"box_product\">\n<h2>Trex OTT &#8211; |QC| SERIES<\/h2>\n<\/article>\n<article id=\"\" class=\"box_product\">\n<h2>Trex OTT &#8211; |QC| ANIMATIONS<\/h2>\n<\/article>\n<article id=\"\" class=\"box_product\">\n<h2>Trex OTT &#8211; |QC| VARIETES<\/h2>\n<\/article>\n<article id=\"\" class=\"box_product\">\n<h2>Trex OTT &#8211; |QC| DOCUMENTAIRE<\/h2>\n<\/article>\n<article id=\"\" class=\"box_product\">\n<h2>Trex OTT &#8211; |DE| SERIEN 4K<\/h2>\n<\/article>\n<article id=\"\" class=\"box_product\">\n<h2>Trex OTT &#8211; |DE| SERIEN<\/h2>\n<\/article>\n<article id=\"\" class=\"box_product\">\n<h2>Trex OTT &#8211; |DE| KINDER SERIEN<\/h2>\n<\/article>\n<article id=\"\" class=\"box_product\">\n<h2>Trex OTT &#8211; |DE| ANIME SERIEN<\/h2>\n<\/article>\n<article id=\"\" class=\"box_product\">\n<h2>Trex OTT &#8211; |DE| ANIME SERIEN (SUB)<\/h2>\n<\/article>\n<article id=\"\" class=\"box_product\">\n<h2>Trex OTT &#8211; |DE| DOKU SERIEN<\/h2>\n<\/article>\n<article id=\"\" class=\"box_product\">\n<h2>Trex OTT &#8211; |GR| GREECE SERIES<\/h2>\n<\/article>\n<article id=\"\" class=\"box_product\">\n<h2>Trex OTT &#8211; |GR| GREECE SERIES SUB<\/h2>\n<\/article>\n<article id=\"\" class=\"box_product\">\n<h2>Trex OTT &#8211; |AL| ALBANIAN SERIES<\/h2>\n<\/article>\n<article id=\"\" class=\"box_product\">\n<h2>Trex OTT &#8211; |LA| LATINO SERIES<\/h2>\n<\/article>\n<article id=\"\" class=\"box_product\">\n<h2>Trex OTT &#8211; |ES| ESPANA SERIES<\/h2>\n<\/article>\n<article id=\"\" class=\"box_product\">\n<h2>Trex OTT &#8211; |TR| TURKISH SERIES<\/h2>\n<\/article>\n<article id=\"\" class=\"box_product\">\n<h2>Trex OTT &#8211; |SCA| MULTISUB SERIES<\/h2>\n<\/article>\n<article id=\"\" class=\"box_product\">\n<h2>Trex OTT &#8211; |SCA| MULTISUB SERIES KIDS<\/h2>\n<\/article>\n<article id=\"\" class=\"box_product\">\n<h2>Trex OTT &#8211; |SE| SWEDISH SERIES<\/h2>\n<\/article>\n<article id=\"\" class=\"box_product\">\n<h2>Trex OTT &#8211; |PK| PAKISTAN SERIES<\/h2>\n<\/article>\n<article id=\"\" class=\"box_product\">\n<h2>Trex OTT &#8211; |IN| HINDI TV SHOW<\/h2>\n<\/article>\n<article id=\"\" class=\"box_product\">\n<h2>Trex OTT &#8211; |IN| INDIA SERIES<\/h2>\n<\/article>\n<article id=\"\" class=\"box_product\">\n<h2>Trex OTT &#8211; |PL| SERIALE \/ PROGRAMY<\/h2>\n<\/article>\n<article id=\"\" class=\"box_product\">\n<h2>Trex OTT &#8211; |PL| SERIALE DLA DZIECI<\/h2>\n<\/article>\n<article id=\"\" class=\"box_product\">\n<h2>Trex OTT &#8211; |PH| PHILIPPINES SERIES<\/h2>\n<\/article>\n<article id=\"\" class=\"box_product\">\n<h2>Trex OTT &#8211; |BR| BRAZIL SERIES<\/h2>\n<\/article>\n<article id=\"\" class=\"box_product\">\n<h2>Trex OTT &#8211; |PT| SERIES PORTUGAL<\/h2>\n<\/article>\n<article id=\"\" class=\"box_product\">\n<h2>Trex OTT &#8211; |IT| ITALIAN SERIES<\/h2>\n<\/article>\n<article id=\"\" class=\"box_product\">\n<h2>Trex OTT &#8211; |EXYU| STRANE SERIJE<\/h2>\n<\/article>\n<article id=\"\" class=\"box_product\">\n<h2>Trex OTT &#8211; |EXYU| DOMACE SERIJE<\/h2>\n<\/article>\n<article id=\"\" class=\"box_product\">\n<h2>Trex OTT &#8211; |EXYU| DECIJE SERIJE<\/h2>\n<\/article>\n<article id=\"\" class=\"box_product\">\n<h2>Trex OTT &#8211; |EXYU| DOKU SERIJE<\/h2>\n<\/article>\n<article id=\"\" class=\"box_product\">\n<h2>Trex OTT &#8211; |EXYU| TURSKE SERIJE<\/h2>\n<\/article>\n<article id=\"\" class=\"box_product\">\n<h2>Trex OTT &#8211; |RU| RUSSIA SERIES<\/h2>\n<\/article>\n<article id=\"\" class=\"box_product\">\n<h2>Trex OTT &#8211; |IR| PERSIAN SERIES<\/h2>\n<\/article>\n<article id=\"\" class=\"box_product\">\n<h2>Trex OTT &#8211; |IR| PERSIAN SUB\/DUB SERIES<\/h2>\n<\/article>\n<article id=\"\" class=\"box_product\">\n<h2>Trex OTT &#8211; |AF| AFRICAN SERIES<\/h2>\n<\/article>\n<article id=\"\" class=\"box_product\">\n<h2>Trex OTT &#8211; |AF| SOUTH AFRICA SERIES<\/h2>\n<\/article>\n<article id=\"\" class=\"box_product\">\n<h2>Trex OTT &#8211; |SO| SOMALIA TURKISH SERIES<\/h2>\n<\/article>\n<article id=\"\" class=\"box_product\">\n<h2>Trex OTT &#8211; |SO| SOMALIA INDIA SERIES<\/h2>\n<\/article>\n<article id=\"\" class=\"box_product\">\n<h2>Trex OTT &#8211; |AR| NETFLIX<\/h2>\n<\/article>\n<article id=\"\" class=\"box_product\">\n<h2>Trex OTT &#8211; |AR| JOY AWARDS<\/h2>\n<\/article>\n<article id=\"\" class=\"box_product\">\n<h2>Trex OTT &#8211; |AR| \u0631\u0645\u0636\u0627\u0646\u0643 \u0633\u0648\u0631\u064a \u0644\u0628\u0646\u0627\u0646\u064a<\/h2>\n<\/article>\n<article id=\"\" class=\"box_product\">\n<h2>Trex OTT &#8211; |AR| \u0631\u0645\u0636\u0627\u0646\u0643 \u0645\u0635\u0631\u064a<\/h2>\n<\/article>\n<article id=\"\" class=\"box_product\">\n<h2>Trex OTT &#8211; |AR| \u0631\u0645\u0636\u0627\u0646\u0643 \u0645\u063a\u0631\u0628\u064a<\/h2>\n<\/article>\n<article id=\"\" class=\"box_product\">\n<h2>Trex OTT &#8211; |AR| \u0631\u0645\u0636\u0627\u0646\u0643 \u062a\u0648\u0646\u0633\u064a \u062c\u0632\u0627\u0626\u0631\u064a<\/h2>\n<\/article>\n<article id=\"\" class=\"box_product\">\n<h2>Trex OTT &#8211; |AR| \u0631\u0645\u0636\u0627\u0646\u0643 \u0639\u0631\u0627\u0642\u064a \u062e\u0644\u064a\u062c\u064a<\/h2>\n<\/article>\n<article id=\"\" class=\"box_product\">\n<h2>Trex OTT &#8211; |AR| \u0628\u0631\u0627\u0645\u062c \u0631\u0645\u0636\u0627\u0646<\/h2>\n<\/article>\n<article id=\"\" class=\"box_product\">\n<h2>Trex OTT &#8211; |AR| \u064a\u0639\u0631\u0636 \u0627\u0644\u0623\u0646 \u0639\u0631\u0628\u064a<\/h2>\n<\/article>\n<article id=\"\" class=\"box_product\">\n<h2>Trex OTT &#8211; |AR| \u064a\u0639\u0631\u0636 \u0627\u0644\u0623\u0646 \u062a\u0631\u0643\u064a<\/h2>\n<\/article>\n<article id=\"\" class=\"box_product\">\n<h2>Trex OTT &#8211; |AR| \u0645\u0633\u0644\u0633\u0644\u0627\u062a \u0633\u0648\u0631\u064a\u0629 \u0644\u0628\u0646\u0627\u0646\u064a\u0629<\/h2>\n<\/article>\n<article id=\"\" class=\"box_product\">\n<h2>Trex OTT &#8211; |AR| \u0645\u0633\u0644\u0633\u0644\u0627\u062a \u0645\u0635\u0631\u064a\u0647<\/h2>\n<\/article>\n<article id=\"\" class=\"box_product\">\n<h2>Trex OTT &#8211; |AR| \u0645\u0633\u0644\u0633\u0644\u0627\u062a \u0645\u063a\u0631\u0628\u064a\u0629<\/h2>\n<\/article>\n<article id=\"\" class=\"box_product\">\n<h2>Trex OTT &#8211; |AR| \u0645\u0633\u0644\u0633\u0644\u0627\u062a \u062e\u0644\u064a\u062c\u064a\u0647<\/h2>\n<\/article>\n<article id=\"\" class=\"box_product\">\n<h2>Trex OTT &#8211; |AR| \u0645\u0633\u0644\u0633\u0644\u0627\u062a \u0639\u0631\u0627\u0642\u064a\u0647<\/h2>\n<\/article>\n<article id=\"\" class=\"box_product\">\n<h2>Trex OTT &#8211; |AR| \u0645\u0633\u0644\u0633\u0644\u0627\u062a \u062a\u0648\u0646\u0633\u064a\u0629<\/h2>\n<\/article>\n<article id=\"\" class=\"box_product\">\n<h2>Trex OTT &#8211; |AR| \u0645\u0633\u0644\u0633\u0644\u0627\u062a \u062c\u0632\u0627\u0626\u0631\u064a\u0629<\/h2>\n<\/article>\n<article id=\"\" class=\"box_product\">\n<h2>Trex OTT &#8211; |AR| \u0645\u0633\u0644\u0633\u0644\u0627\u062a \u0623\u0637\u0641\u0627\u0644<\/h2>\n<\/article>\n<article id=\"\" class=\"box_product\">\n<h2>Trex OTT &#8211; |AR| \u0645\u0633\u0644\u0633\u0644\u0627\u062a \u0623\u062c\u0646\u0628\u064a\u0647<\/h2>\n<\/article>\n<article id=\"\" class=\"box_product\">\n<h2>Trex OTT &#8211; |AR| \u0645\u0633\u0644\u0633\u0644\u0627\u062a \u0645\u0627\u0646\u062c\u0627<\/h2>\n<\/article>\n<article id=\"\" class=\"box_product\">\n<h2>Trex OTT &#8211; |AR| \u0645\u0633\u0644\u0633\u0644\u0627\u062a \u062a\u0631\u0643\u064a\u0647 \u0645\u062f\u0628\u0644\u062c<\/h2>\n<\/article>\n<article id=\"\" class=\"box_product\">\n<h2>Trex OTT &#8211; |AR| \u0645\u0633\u0644\u0633\u0644\u0627\u062a \u062a\u0631\u0643\u064a\u0647 \u0645\u062a\u0631\u062c\u0645<\/h2>\n<\/article>\n<article id=\"\" class=\"box_product\">\n<h2>Trex OTT &#8211; |AR| \u0645\u0633\u0644\u0633\u0644\u0627\u062a \u062f\u064a\u0646\u064a\u0629<\/h2>\n<\/article>\n<article id=\"\" class=\"box_product\">\n<h2>Trex OTT &#8211; |AR| \u0628\u0631\u0627\u0645\u062c \u0645\u0646\u0648\u0639\u0647<\/h2>\n<\/article>","protected":false},"excerpt":{"rendered":"<p>TrexOTT You Can Choose ALL Series You Want Trex OTT &#8211; |NL| NETFLIX Trex OTT &#8211; |NL| VIDEOLAND Trex OTT &#8211; |NL| HBO MAX Trex OTT &#8211; |NL| AMAZON PRIME Trex OTT &#8211; |NL| DISNEY + Trex OTT &#8211; |NL| APPLE TV+ Trex OTT &#8211; |NL| DISCOVERY PLUS Trex OTT &#8211; |NL| VIAPLAY Trex OTT [&hellip;]<\/p>\n","protected":false},"author":1,"featured_media":0,"parent":0,"menu_order":0,"comment_status":"closed","ping_status":"closed","template":"","meta":{"site-sidebar-layout":"default","site-content-layout":"","ast-site-content-layout":"default","site-content-style":"default","site-sidebar-style":"default","ast-global-header-display":"","ast-banner-title-visibility":"","ast-main-header-display":"","ast-hfb-above-header-display":"","ast-hfb-below-header-display":"","ast-hfb-mobile-header-display":"","site-post-title":"","ast-breadcrumbs-content":"","ast-featured-img":"","footer-sml-layout":"","ast-disable-related-posts":"","theme-transparent-header-meta":"default","adv-header-id-meta":"","stick-header-meta":"","header-above-stick-meta":"","header-main-stick-meta":"","header-below-stick-meta":"","astra-migrate-meta-layouts":"set","ast-page-background-enabled":"default","ast-page-background-meta":{"desktop":{"background-color":"","background-image":"","background-repeat":"repeat","background-position":"center center","background-size":"auto","background-attachment":"scroll","background-type":"","background-media":"","overlay-type":"","overlay-color":"","overlay-opacity":"","overlay-gradient":""},"tablet":{"background-color":"","background-image":"","background-repeat":"repeat","background-position":"center center","background-size":"auto","background-attachment":"scroll","background-type":"","background-media":"","overlay-type":"","overlay-color":"","overlay-opacity":"","overlay-gradient":""},"mobile":{"background-color":"","background-image":"","background-repeat":"repeat","background-position":"center center","background-size":"auto","background-attachment":"scroll","background-type":"","background-media":"","overlay-type":"","overlay-color":"","overlay-opacity":"","overlay-gradient":""}},"ast-content-background-meta":{"desktop":{"background-color":"var(--ast-global-color-5)","background-image":"","background-repeat":"repeat","background-position":"center center","background-size":"auto","background-attachment":"scroll","background-type":"","background-media":"","overlay-type":"","overlay-color":"","overlay-opacity":"","overlay-gradient":""},"tablet":{"background-color":"var(--ast-global-color-5)","background-image":"","background-repeat":"repeat","background-position":"center center","background-size":"auto","background-attachment":"scroll","background-type":"","background-media":"","overlay-type":"","overlay-color":"","overlay-opacity":"","overlay-gradient":""},"mobile":{"background-color":"var(--ast-global-color-5)","background-image":"","background-repeat":"repeat","background-position":"center center","background-size":"auto","background-attachment":"scroll","background-type":"","background-media":"","overlay-type":"","overlay-color":"","overlay-opacity":"","overlay-gradient":""}},"footnotes":""},"class_list":["post-1423","page","type-page","status-publish","hentry"],"_links":{"self":[{"href":"https:\/\/en.trexiptv.xyz\/ar\/wp-json\/wp\/v2\/pages\/1423","targetHints":{"allow":["GET"]}}],"collection":[{"href":"https:\/\/en.trexiptv.xyz\/ar\/wp-json\/wp\/v2\/pages"}],"about":[{"href":"https:\/\/en.trexiptv.xyz\/ar\/wp-json\/wp\/v2\/types\/page"}],"author":[{"embeddable":true,"href":"https:\/\/en.trexiptv.xyz\/ar\/wp-json\/wp\/v2\/users\/1"}],"replies":[{"embeddable":true,"href":"https:\/\/en.trexiptv.xyz\/ar\/wp-json\/wp\/v2\/comments?post=1423"}],"version-history":[{"count":1,"href":"https:\/\/en.trexiptv.xyz\/ar\/wp-json\/wp\/v2\/pages\/1423\/revisions"}],"predecessor-version":[{"id":1424,"href":"https:\/\/en.trexiptv.xyz\/ar\/wp-json\/wp\/v2\/pages\/1423\/revisions\/1424"}],"wp:attachment":[{"href":"https:\/\/en.trexiptv.xyz\/ar\/wp-json\/wp\/v2\/media?parent=1423"}],"curies":[{"name":"wp","href":"https:\/\/api.w.org\/{rel}","templated":true}]}}